{"id":540,"date":"2012-08-21T10:24:27","date_gmt":"2012-08-21T10:24:27","guid":{"rendered":"http:\/\/contactus.ee\/?page_id=540"},"modified":"2012-12-05T08:00:56","modified_gmt":"2012-12-05T08:00:56","slug":"sahkosuunnittelu","status":"publish","type":"page","link":"https:\/\/contactus.ee\/fi\/sahkosuunnittelu\/","title":{"rendered":"S\u00e4hk\u00f6suunnittelu"},"content":{"rendered":"<p>S\u00e4hk\u00f6suunnittelutoimisto Contactus AS tarjoaa alalla pitk\u00e4\u00e4n ja laaja-alaisesti toimineena yrityksen\u00e4 kaikkia s\u00e4hk\u00f6asennuksiin liittyvi\u00e4 palveluita. Palvelumme kattavat mm. s\u00e4hk\u00f6asemien ja s\u00e4hk\u00f6linjojen suunnittelun, rakennusten vahva- ja heikkovirta-s\u00e4hk\u00f6nsy\u00f6t\u00f6n ja s\u00e4hk\u00f6asennukset, ulkoverkot ja my\u00f6s monimutkaisten teknisten laitteiden automatisoitujen ohjausj\u00e4rjestelmien suunnittelun.<strong><\/strong><\/p>\n<p>&nbsp;<\/p>\n<blockquote>\n<ul>\n<li><strong>S\u00e4hk\u00f6asennusten suunnittelu<\/strong><\/li>\n<\/ul>\n<p>S\u00e4hk\u00f6-, tele-, turva-, automaatiosuunnittelu<\/p>\n<ul>\n<li><strong> S\u00e4hk\u00f6alan liittyv\u00e4t konsultoinnit<\/strong><\/li>\n<li><strong> S\u00e4hk\u00f6asennusten suunnitelmasta asiantuntijalausunnon antaminen<\/strong><\/li>\n<li><strong> Rakennusurakan valvonta<\/strong><\/li>\n<\/ul>\n<\/blockquote>\n<p>&nbsp;<\/p>\n<p><strong>Teemme suunnitelmia my\u00f6s ulkomaisille asiakkaille.<\/strong> Meid\u00e4n ty\u00f6kielet ovat viro, ven\u00e4j\u00e4, englanti, saksa ja suomi.<\/p>\n<h1><img loading=\"lazy\" decoding=\"async\" class=\"alignnone size-full wp-image-889\" title=\"Suunnittelu. S\u00e4hk\u00f6suunnittelu\" src=\"http:\/\/contactus.ee\/wp-content\/uploads\/2012\/05\/projekteerimine-120x60.jpg\" alt=\"Suunnittelu. S\u00e4hk\u00f6suunnittelu\" width=\"120\" height=\"60\" \/> Suunnittelu. S\u00e4hk\u00f6suunnittelu:<\/h1>\n<p>&nbsp;<\/p>\n<ul>\n<li>S\u00e4hk\u00f6suunnittelu; vahvavirta-asennukset<\/li>\n<\/ul>\n<p>&#8211; s\u00e4hk\u00f6verkot (suurj\u00e4nnite, pienj\u00e4nnite, s\u00e4hk\u00f6asemat, kaapelilinjat, ilmalinjat)<br \/>\n&#8211; s\u00e4hk\u00f6njakeluj\u00e4rjestelm\u00e4t<br \/>\n&#8211; valaistusj\u00e4rjestelm\u00e4t (katuvalaistus, ulkovalaistus, talonsis\u00e4inen valaistus)<br \/>\n&#8211; s\u00e4hk\u00f6l\u00e4mmitysj\u00e4rjestelm\u00e4t<br \/>\n&#8211; erityisj\u00e4rjestelm\u00e4t<\/p>\n<ul>\n<li>S\u00e4hk\u00f6suunnittelu; heikkovirta-asennukset<\/li>\n<\/ul>\n<p>&#8211; automaatiosuunnittelu; automatiikka, mm. rakennuksen automatiikka ja teknologinen automatiikka<br \/>\n&#8211; tiedonv\u00e4litys- ja turvaj\u00e4rjestelm\u00e4t, mm. telefoniside, tietoliikenne, antennij\u00e4rjestelm\u00e4t, \u00e4\u00e4nitys, audio-videoj\u00e4rjestelm\u00e4t, paloh\u00e4lytysj\u00e4rjestelm\u00e4t, valvontaj\u00e4rjestelm\u00e4t, videovalvonta, l\u00e4pikulkuj\u00e4rjestelm\u00e4t ja erityisj\u00e4rjestelm\u00e4t<\/p>\n<ul>\n<li>Automaatiosuunnittelu; automatiikkaj\u00e4rjestelm\u00e4t<\/li>\n<\/ul>\n<p>&#8211; taloautomatiikka eli \u201dviisaan talon\u201d ohjausj\u00e4rjestelm\u00e4t<br \/>\n&#8211; teknologinen automatiikka<br \/>\n&#8211; automaattiset palonsammutusj\u00e4rjestelm\u00e4t (sprinkleri-, kaasu- ja vaahtosammutusj\u00e4rjestelmien automatiikka)<\/p>\n<p><strong>Toimimme useissa erilaisissa kohteissa<\/strong>, mm.:<\/p>\n<ul>\n<li>asuinrakennukset<\/li>\n<\/ul>\n<p>&#8211; asunnot, omakotitalot, kerrostalot (mm. taloyhti\u00f6iden kerrostalojen s\u00e4hk\u00f6j\u00e4rjestelmien uudistaminen)<\/p>\n<ul>\n<li>liike- ja kauppatilat<\/li>\n<\/ul>\n<p>&#8211; toimistotilat ja -rakennukset<br \/>\n&#8211; myym\u00e4l\u00e4tilat, varastorakennukset, kauppakeskukset ja logistiikkakeskukset<\/p>\n<ul>\n<li>monikerroksiset talot<\/li>\n<li>julkisessa k\u00e4yt\u00f6ss\u00e4 oleva rakennukset ja rakennelmat<\/li>\n<\/ul>\n<p>&#8211; p\u00e4iv\u00e4kodit, koulut ja opistorakennukset<br \/>\n&#8211; urheilusalit ja \u2013kent\u00e4t<br \/>\n&#8211; sairaalat, palvelukodit, ja muut hoitopalveluita tarjoavat laitokset<br \/>\n&#8211; hotellit, majoitusrakennukset ja kerhotalot<\/p>\n<ul>\n<li>teollisuus<\/li>\n<\/ul>\n<p>&#8211; teollisuus- ja tuotantorakennukset<br \/>\n&#8211; tuotantolinjat ja niiden ohjausj\u00e4rjestelm\u00e4t<\/p>\n<ul>\n<li>s\u00e4hk\u00f6energia ja tekniset rakennelmat<\/li>\n<\/ul>\n<p>&#8211; s\u00e4hk\u00f6asemat<br \/>\n&#8211; s\u00e4hk\u00f6voimalat<br \/>\n&#8211; tuulivoimalat<br \/>\n&#8211; keskeiset kaapelilinjat ja niiden siirt\u00e4minen<\/p>\n<ul>\n<li>kaavoitukset<\/li>\n<\/ul>\n<p>&#8211; asuinalueet<br \/>\n&#8211; teknopuistot<br \/>\n&#8211; s\u00e4hk\u00f6verkot, telekaapelit, katuvalaistus<br \/>\n&#8211; kiinteist\u00f6n tekniset verkot<\/p>\n<p>Teemme v\u00e4hemm\u00e4ss\u00e4 m\u00e4\u00e4rin p\u00e4\u00e4urakoitsijoin asemassa my\u00f6s rakennussuunnittelu-urakkaan kuuluvia suunnittelu- ja konsultointit\u00f6it\u00e4 (arkkitehdin teht\u00e4v\u00e4t, l\u00e4mmitys ja ilmastointi, vesijakelun ja viem\u00e4rist\u00f6n suunnitteluty\u00f6t sek\u00e4 rakennusurakan valvonta). Tarjoamme konsultointipalveluiden puitteissa apua my\u00f6s talonrakennus- ja korjausurakoiden toteuttamiseen.<\/p>\n<p><strong>Laadukkaalla suunnitelmalla voidaan s\u00e4\u00e4st\u00e4\u00e4 rakennuskustannuksista ja saavutetaan my\u00f6s paras lopputulos. <\/strong>Contactus ASn tavoitteena on tarjota asiakkaille ja yhteisty\u00f6kumppaneille ammattimaista konsultointia rakennusurakoiden osalta sek\u00e4 parhaita ja taloudellisia s\u00e4hk\u00f6asennusratkaisuja kilpailukykyisell\u00e4 hintatasolla.<br \/>\nOsallistumme tilaajien odotusten mukaan pienten ja hyvinkin laajojen, monimutkaisten ja innovatiivisten kohteiden rakentamiseen, toimimme joustavasti, luotettavasti ja aikatauluja noudattaen.<\/p>\n<p>Contactus AS on seuraavien toimialayhdistysten j\u00e4sen:<br \/>\n<a href=\"http:\/\/www.epbl.ee\/et\" target=\"_blank\">Viron suunnittelutoimistojen liitto<\/a><br \/>\n<a href=\"http:\/\/www.eetel.ee\/index.php?lang=et\" target=\"_blank\">Viron s\u00e4hk\u00f6urakoitsijoiden liitto<\/a><\/p>\n<p>Tarvitsetko <strong>s\u00e4hk\u00f6suunnitelman<\/strong>? Soita meille numeroon (+372) 6309080 tai l\u00e4het\u00e4 viesti osoitteeseen info@contactus.ee.<\/p>\n<p>.<\/p>\n<h1>s\u00e4hk\u00f6suunnittelu, automaatiosuunnittelu, telesuunnittelu, turvasuunnittelu, rakennusten suunnittelu, konsultoinnit, asiantuntijapalvelut&#8230;<\/h1>\n<p><a href=\"http:\/\/contactus.ee\/fi\/yhteystiedot\/\">Kysy tarjousta suunnittelutoimistosta Contactus AS<\/a><\/p>\n<p>.<\/p>\n","protected":false},"excerpt":{"rendered":"<p>S\u00e4hk\u00f6suunnittelutoimisto Contactus AS tarjoaa alalla pitk\u00e4\u00e4n ja laaja-alaisesti toimineena yrityksen\u00e4 kaikkia s\u00e4hk\u00f6asennuksiin liittyvi\u00e4 palveluita. Palvelumme kattavat mm. s\u00e4hk\u00f6asemien ja s\u00e4hk\u00f6linjojen suunnittelun, rakennusten vahva- ja heikkovirta-s\u00e4hk\u00f6nsy\u00f6t\u00f6n ja s\u00e4hk\u00f6asennukset, ulkoverkot ja my\u00f6s monimutkaisten teknisten laitteiden automatisoitujen ohjausj\u00e4rjestelmien suunnittelun. &nbsp; S\u00e4hk\u00f6asennusten suunnittelu S\u00e4hk\u00f6-, tele-, turva-, automaatiosuunnittelu S\u00e4hk\u00f6alan liittyv\u00e4t konsultoinnit S\u00e4hk\u00f6asennusten suunnitelmasta asiantuntijalausunnon antaminen Rakennusurakan valvonta &nbsp; Teemme suunnitelmia [&hellip;]<\/p>\n","protected":false},"author":1,"featured_media":0,"parent":0,"menu_order":0,"comment_status":"open","ping_status":"open","template":"","meta":{"_acf_changed":false,"footnotes":""},"class_list":["post-540","page","type-page","status-publish","hentry"],"acf":[],"yoast_head":"<!-- This site is optimized with the Yoast SEO plugin v25.4 - https:\/\/yoast.com\/wordpress\/plugins\/seo\/ -->\n<title>S\u00e4hk\u00f6suunnittelu. Contactus AS, suunnittelu ja konsultoinnit<\/title>\n<meta name=\"description\" content=\"S\u00e4hk\u00f6suunnittelu ja konsultoinnit. Tarvitsetko s\u00e4hk\u00f6suunnitelman? Soita meille numeroon (+372) 6309080 tai l\u00e4het\u00e4 viesti osoitteeseen info@contactus.ee.\" \/>\n<meta name=\"robots\" content=\"index, follow, max-snippet:-1, max-image-preview:large, max-video-preview:-1\" \/>\n<link rel=\"canonical\" href=\"https:\/\/contactus.ee\/projekteerimine\/\" \/>\n<meta name=\"twitter:label1\" content=\"Est. reading time\" \/>\n\t<meta name=\"twitter:data1\" content=\"2 minutes\" \/>\n<script type=\"application\/ld+json\" class=\"yoast-schema-graph\">{\"@context\":\"https:\/\/schema.org\",\"@graph\":[{\"@type\":\"WebPage\",\"@id\":\"https:\/\/contactus.ee\/projekteerimine\/\",\"url\":\"https:\/\/contactus.ee\/projekteerimine\/\",\"name\":\"S\u00e4hk\u00f6suunnittelu. Contactus AS, suunnittelu ja konsultoinnit\",\"isPartOf\":{\"@id\":\"https:\/\/contactus.ee\/#website\"},\"primaryImageOfPage\":{\"@id\":\"https:\/\/contactus.ee\/projekteerimine\/#primaryimage\"},\"image\":{\"@id\":\"https:\/\/contactus.ee\/projekteerimine\/#primaryimage\"},\"thumbnailUrl\":\"http:\/\/contactus.ee\/wp-content\/uploads\/2012\/05\/projekteerimine-120x60.jpg\",\"datePublished\":\"2012-08-21T10:24:27+00:00\",\"dateModified\":\"2012-12-05T08:00:56+00:00\",\"description\":\"S\u00e4hk\u00f6suunnittelu ja konsultoinnit. Tarvitsetko s\u00e4hk\u00f6suunnitelman? Soita meille numeroon (+372) 6309080 tai l\u00e4het\u00e4 viesti osoitteeseen info@contactus.ee.\",\"breadcrumb\":{\"@id\":\"https:\/\/contactus.ee\/projekteerimine\/#breadcrumb\"},\"inLanguage\":\"fi-FI\",\"potentialAction\":[{\"@type\":\"ReadAction\",\"target\":[\"https:\/\/contactus.ee\/projekteerimine\/\"]}]},{\"@type\":\"ImageObject\",\"inLanguage\":\"fi-FI\",\"@id\":\"https:\/\/contactus.ee\/projekteerimine\/#primaryimage\",\"url\":\"http:\/\/contactus.ee\/wp-content\/uploads\/2012\/05\/projekteerimine-120x60.jpg\",\"contentUrl\":\"http:\/\/contactus.ee\/wp-content\/uploads\/2012\/05\/projekteerimine-120x60.jpg\"},{\"@type\":\"BreadcrumbList\",\"@id\":\"https:\/\/contactus.ee\/projekteerimine\/#breadcrumb\",\"itemListElement\":[{\"@type\":\"ListItem\",\"position\":1,\"name\":\"Home\",\"item\":\"https:\/\/contactus.ee\/\"},{\"@type\":\"ListItem\",\"position\":2,\"name\":\"S\u00e4hk\u00f6suunnittelu\"}]},{\"@type\":\"WebSite\",\"@id\":\"https:\/\/contactus.ee\/#website\",\"url\":\"https:\/\/contactus.ee\/\",\"name\":\"Contactus AS\",\"description\":\"Electrical Design and Consultation; Elektriprojekteerimine ja Konsultatsioon; S\u00e4hk\u00f6suunnittelu ja Konsultoinnit; \u041f\u0440\u043e\u0435\u043a\u0442\u0438\u0440\u043e\u0432\u0430\u043d\u0438\u0435 \u042d\u043b\u0435\u043a\u0442\u0440\u043e\u0443\u0441\u0442\u0430\u043d\u043e\u0432\u043e\u043a \u0438 \u041a\u043e\u043d\u0441\u0443\u043b\u044c\u0442\u0430\u0446\u0438\u0438\",\"potentialAction\":[{\"@type\":\"SearchAction\",\"target\":{\"@type\":\"EntryPoint\",\"urlTemplate\":\"https:\/\/contactus.ee\/?s={search_term_string}\"},\"query-input\":{\"@type\":\"PropertyValueSpecification\",\"valueRequired\":true,\"valueName\":\"search_term_string\"}}],\"inLanguage\":\"fi-FI\"}]}<\/script>\n<!-- \/ Yoast SEO plugin. -->","yoast_head_json":{"title":"S\u00e4hk\u00f6suunnittelu. Contactus AS, suunnittelu ja konsultoinnit","description":"S\u00e4hk\u00f6suunnittelu ja konsultoinnit. Tarvitsetko s\u00e4hk\u00f6suunnitelman? Soita meille numeroon (+372) 6309080 tai l\u00e4het\u00e4 viesti osoitteeseen info@contactus.ee.","robots":{"index":"index","follow":"follow","max-snippet":"max-snippet:-1","max-image-preview":"max-image-preview:large","max-video-preview":"max-video-preview:-1"},"canonical":"https:\/\/contactus.ee\/projekteerimine\/","twitter_misc":{"Est. reading time":"2 minutes"},"schema":{"@context":"https:\/\/schema.org","@graph":[{"@type":"WebPage","@id":"https:\/\/contactus.ee\/projekteerimine\/","url":"https:\/\/contactus.ee\/projekteerimine\/","name":"S\u00e4hk\u00f6suunnittelu. Contactus AS, suunnittelu ja konsultoinnit","isPartOf":{"@id":"https:\/\/contactus.ee\/#website"},"primaryImageOfPage":{"@id":"https:\/\/contactus.ee\/projekteerimine\/#primaryimage"},"image":{"@id":"https:\/\/contactus.ee\/projekteerimine\/#primaryimage"},"thumbnailUrl":"http:\/\/contactus.ee\/wp-content\/uploads\/2012\/05\/projekteerimine-120x60.jpg","datePublished":"2012-08-21T10:24:27+00:00","dateModified":"2012-12-05T08:00:56+00:00","description":"S\u00e4hk\u00f6suunnittelu ja konsultoinnit. Tarvitsetko s\u00e4hk\u00f6suunnitelman? Soita meille numeroon (+372) 6309080 tai l\u00e4het\u00e4 viesti osoitteeseen info@contactus.ee.","breadcrumb":{"@id":"https:\/\/contactus.ee\/projekteerimine\/#breadcrumb"},"inLanguage":"fi-FI","potentialAction":[{"@type":"ReadAction","target":["https:\/\/contactus.ee\/projekteerimine\/"]}]},{"@type":"ImageObject","inLanguage":"fi-FI","@id":"https:\/\/contactus.ee\/projekteerimine\/#primaryimage","url":"http:\/\/contactus.ee\/wp-content\/uploads\/2012\/05\/projekteerimine-120x60.jpg","contentUrl":"http:\/\/contactus.ee\/wp-content\/uploads\/2012\/05\/projekteerimine-120x60.jpg"},{"@type":"BreadcrumbList","@id":"https:\/\/contactus.ee\/projekteerimine\/#breadcrumb","itemListElement":[{"@type":"ListItem","position":1,"name":"Home","item":"https:\/\/contactus.ee\/"},{"@type":"ListItem","position":2,"name":"S\u00e4hk\u00f6suunnittelu"}]},{"@type":"WebSite","@id":"https:\/\/contactus.ee\/#website","url":"https:\/\/contactus.ee\/","name":"Contactus AS","description":"Electrical Design and Consultation; Elektriprojekteerimine ja Konsultatsioon; S\u00e4hk\u00f6suunnittelu ja Konsultoinnit; \u041f\u0440\u043e\u0435\u043a\u0442\u0438\u0440\u043e\u0432\u0430\u043d\u0438\u0435 \u042d\u043b\u0435\u043a\u0442\u0440\u043e\u0443\u0441\u0442\u0430\u043d\u043e\u0432\u043e\u043a \u0438 \u041a\u043e\u043d\u0441\u0443\u043b\u044c\u0442\u0430\u0446\u0438\u0438","potentialAction":[{"@type":"SearchAction","target":{"@type":"EntryPoint","urlTemplate":"https:\/\/contactus.ee\/?s={search_term_string}"},"query-input":{"@type":"PropertyValueSpecification","valueRequired":true,"valueName":"search_term_string"}}],"inLanguage":"fi-FI"}]}},"_links":{"self":[{"href":"https:\/\/contactus.ee\/fi\/wp-json\/wp\/v2\/pages\/540","targetHints":{"allow":["GET"]}}],"collection":[{"href":"https:\/\/contactus.ee\/fi\/wp-json\/wp\/v2\/pages"}],"about":[{"href":"https:\/\/contactus.ee\/fi\/wp-json\/wp\/v2\/types\/page"}],"author":[{"embeddable":true,"href":"https:\/\/contactus.ee\/fi\/wp-json\/wp\/v2\/users\/1"}],"replies":[{"embeddable":true,"href":"https:\/\/contactus.ee\/fi\/wp-json\/wp\/v2\/comments?post=540"}],"version-history":[{"count":24,"href":"https:\/\/contactus.ee\/fi\/wp-json\/wp\/v2\/pages\/540\/revisions"}],"predecessor-version":[{"id":1158,"href":"https:\/\/contactus.ee\/fi\/wp-json\/wp\/v2\/pages\/540\/revisions\/1158"}],"wp:attachment":[{"href":"https:\/\/contactus.ee\/fi\/wp-json\/wp\/v2\/media?parent=540"}],"curies":[{"name":"wp","href":"https:\/\/api.w.org\/{rel}","templated":true}]}}