{"id":304,"date":"2012-07-16T13:54:43","date_gmt":"2012-07-16T13:54:43","guid":{"rendered":"http:\/\/contactus.ee\/?page_id=304"},"modified":"2012-12-06T07:39:17","modified_gmt":"2012-12-06T07:39:17","slug":"yritysesittely","status":"publish","type":"page","link":"https:\/\/contactus.ee\/fi\/yritysesittely\/","title":{"rendered":"Yritysesittely"},"content":{"rendered":"<p>Suunnittelutoimisto Contactus AS on perustettu vuonna 1995. Olemme rakennusten ja kiinteist\u00f6jen s\u00e4hk\u00f6suunnitteluun erikoistunut yritys, jonka toimialana on s\u00e4hk\u00f6-, tele-, turva-, automaatiosuunnittelu, konsultoinnit ja asiantuntijapalvelut. Toimintamme on kohdistunut p\u00e4\u00e4osin Viroon ja kohonnut toimialallaan siell\u00e4 markkinoiden johtavien ja suurimpien yritysten joukkoon. Olemme suunnitelleet my\u00f6s Ven\u00e4j\u00e4lle, Ugandaan, Latviaan, Liettuaan, Ruotsiin ja Kiinaan.<\/p>\n<p><strong>Teemme suunnitelmia my\u00f6s ulkomaisille asiakkaille.<\/strong> Meid\u00e4n ty\u00f6kielet ovat viro, ven\u00e4j\u00e4, englanti, saksa ja suomi.<\/p>\n<p>Contactus AS tarjoaa alalla pitk\u00e4\u00e4n ja laaja-alaisesti toimineena yrityksen\u00e4 kaikkia s\u00e4hk\u00f6asennuksiin liittyvi\u00e4 palveluita. Palvelumme kattavat mm. s\u00e4hk\u00f6asemien ja s\u00e4hk\u00f6linjojen suunnittelun, rakennusten vahva- ja heikkovirta-s\u00e4hk\u00f6nsy\u00f6t\u00f6n ja s\u00e4hk\u00f6asennukset, ulkoverkot ja my\u00f6s monimutkaisten teknisten laitteiden automatisoitujen ohjausj\u00e4rjestelmien suunnittelun.<\/p>\n<p><strong>Laadukkaalla suunnitelmalla voidaan s\u00e4\u00e4st\u00e4\u00e4 rakennuskustannuksista ja saavutetaan my\u00f6s paras lopputulos. <\/strong>Contactus ASn tavoitteena on tarjota asiakkaille ja yhteisty\u00f6kumppaneille ammattimaista konsultointia rakennusurakoiden osalta sek\u00e4 parhaita ja taloudellisia s\u00e4hk\u00f6asennusratkaisuja kilpailukykyisell\u00e4 hintatasolla.<br \/>\nOsallistumme tilaajien odotusten mukaan pienten ja hyvinkin laajojen, monimutkaisten ja innovatiivisten kohteiden rakentamiseen, toimimme joustavasti, luotettavasti ja aikatauluja noudattaen.<\/p>\n<p>Contactus AS on seuraavien toimialayhdistysten j\u00e4sen:<br \/>\n<a href=\"http:\/\/www.epbl.ee\/et\" target=\"_blank\">Viron suunnittelutoimistojen liitto<\/a><br \/>\n<a href=\"http:\/\/www.eetel.ee\/index.php?lang=et\" target=\"_blank\">Viron s\u00e4hk\u00f6urakoitsijoiden liitto<\/a><\/p>\n<p><img loading=\"lazy\" decoding=\"async\" title=\"Eesti Projektb\u00fcroode Liit\" src=\"http:\/\/contactus.ee\/wp-content\/uploads\/2012\/11\/EPBL_logo.jpg\" alt=\"EPBL logo\" width=\"70\" height=\"70\" \/><img loading=\"lazy\" decoding=\"async\" title=\"Eesti Elektrit\u00f6\u00f6de Ettev\u00f5tjate Liit\" src=\"http:\/\/contactus.ee\/wp-content\/uploads\/2012\/11\/EETEL_logo.jpg\" alt=\"EETEL logo\" width=\"130\" height=\"70\" \/><\/p>\n<p>Tarkempia tietoja meid\u00e4n toimialoista ja palveluista saa alavalikosta &#8220;<a href=\"http:\/\/contactus.ee\/fi\/sahkosuunnittelu\/\">S\u00e4hk\u00f6suunnittelu<\/a>&#8220;.<\/p>\n<h1>Tarvitsetko s\u00e4hk\u00f6suunnitelman? S\u00e4hk\u00f6suunnittelu on meid\u00e4n ala.<\/h1>\n<p>Soita meille numeroon +372 6309080 tai l\u00e4het\u00e4 viesti osoitteeseen info@contactus.ee.<\/p>\n","protected":false},"excerpt":{"rendered":"<p>Suunnittelutoimisto Contactus AS on perustettu vuonna 1995. Olemme rakennusten ja kiinteist\u00f6jen s\u00e4hk\u00f6suunnitteluun erikoistunut yritys, jonka toimialana on s\u00e4hk\u00f6-, tele-, turva-, automaatiosuunnittelu, konsultoinnit ja asiantuntijapalvelut. Toimintamme on kohdistunut p\u00e4\u00e4osin Viroon ja kohonnut toimialallaan siell\u00e4 markkinoiden johtavien ja suurimpien yritysten joukkoon. Olemme suunnitelleet my\u00f6s Ven\u00e4j\u00e4lle, Ugandaan, Latviaan, Liettuaan, Ruotsiin ja Kiinaan. Teemme suunnitelmia my\u00f6s ulkomaisille asiakkaille. Meid\u00e4n [&hellip;]<\/p>\n","protected":false},"author":2,"featured_media":0,"parent":0,"menu_order":0,"comment_status":"open","ping_status":"open","template":"","meta":{"_acf_changed":false,"footnotes":""},"class_list":["post-304","page","type-page","status-publish","hentry"],"acf":[],"yoast_head":"<!-- This site is optimized with the Yoast SEO plugin v25.4 - https:\/\/yoast.com\/wordpress\/plugins\/seo\/ -->\n<title>S\u00e4hk\u00f6suunnittelu. Contactus AS, suunnittelu ja konsultoinnit<\/title>\n<meta name=\"description\" content=\"S\u00e4hk\u00f6suunnittelu ja konsultoinnit. Tarvitsetko s\u00e4hk\u00f6suunnitelman? Soita meille numeroon (+372) 6309080 tai l\u00e4het\u00e4 viesti osoitteeseen info@contactus.ee.\" \/>\n<meta name=\"robots\" content=\"index, follow, max-snippet:-1, max-image-preview:large, max-video-preview:-1\" \/>\n<link rel=\"canonical\" href=\"https:\/\/contactus.ee\/tutvustus\/\" \/>\n<meta name=\"twitter:label1\" content=\"Est. reading time\" \/>\n\t<meta name=\"twitter:data1\" content=\"1 minute\" \/>\n<script type=\"application\/ld+json\" class=\"yoast-schema-graph\">{\"@context\":\"https:\/\/schema.org\",\"@graph\":[{\"@type\":\"WebPage\",\"@id\":\"https:\/\/contactus.ee\/tutvustus\/\",\"url\":\"https:\/\/contactus.ee\/tutvustus\/\",\"name\":\"S\u00e4hk\u00f6suunnittelu. Contactus AS, suunnittelu ja konsultoinnit\",\"isPartOf\":{\"@id\":\"https:\/\/contactus.ee\/#website\"},\"primaryImageOfPage\":{\"@id\":\"https:\/\/contactus.ee\/tutvustus\/#primaryimage\"},\"image\":{\"@id\":\"https:\/\/contactus.ee\/tutvustus\/#primaryimage\"},\"thumbnailUrl\":\"http:\/\/contactus.ee\/wp-content\/uploads\/2012\/11\/EPBL_logo.jpg\",\"datePublished\":\"2012-07-16T13:54:43+00:00\",\"dateModified\":\"2012-12-06T07:39:17+00:00\",\"description\":\"S\u00e4hk\u00f6suunnittelu ja konsultoinnit. Tarvitsetko s\u00e4hk\u00f6suunnitelman? Soita meille numeroon (+372) 6309080 tai l\u00e4het\u00e4 viesti osoitteeseen info@contactus.ee.\",\"breadcrumb\":{\"@id\":\"https:\/\/contactus.ee\/tutvustus\/#breadcrumb\"},\"inLanguage\":\"fi-FI\",\"potentialAction\":[{\"@type\":\"ReadAction\",\"target\":[\"https:\/\/contactus.ee\/tutvustus\/\"]}]},{\"@type\":\"ImageObject\",\"inLanguage\":\"fi-FI\",\"@id\":\"https:\/\/contactus.ee\/tutvustus\/#primaryimage\",\"url\":\"http:\/\/contactus.ee\/wp-content\/uploads\/2012\/11\/EPBL_logo.jpg\",\"contentUrl\":\"http:\/\/contactus.ee\/wp-content\/uploads\/2012\/11\/EPBL_logo.jpg\"},{\"@type\":\"BreadcrumbList\",\"@id\":\"https:\/\/contactus.ee\/tutvustus\/#breadcrumb\",\"itemListElement\":[{\"@type\":\"ListItem\",\"position\":1,\"name\":\"Home\",\"item\":\"https:\/\/contactus.ee\/\"},{\"@type\":\"ListItem\",\"position\":2,\"name\":\"Yritysesittely\"}]},{\"@type\":\"WebSite\",\"@id\":\"https:\/\/contactus.ee\/#website\",\"url\":\"https:\/\/contactus.ee\/\",\"name\":\"Contactus AS\",\"description\":\"Electrical Design and Consultation; Elektriprojekteerimine ja Konsultatsioon; S\u00e4hk\u00f6suunnittelu ja Konsultoinnit; \u041f\u0440\u043e\u0435\u043a\u0442\u0438\u0440\u043e\u0432\u0430\u043d\u0438\u0435 \u042d\u043b\u0435\u043a\u0442\u0440\u043e\u0443\u0441\u0442\u0430\u043d\u043e\u0432\u043e\u043a \u0438 \u041a\u043e\u043d\u0441\u0443\u043b\u044c\u0442\u0430\u0446\u0438\u0438\",\"potentialAction\":[{\"@type\":\"SearchAction\",\"target\":{\"@type\":\"EntryPoint\",\"urlTemplate\":\"https:\/\/contactus.ee\/?s={search_term_string}\"},\"query-input\":{\"@type\":\"PropertyValueSpecification\",\"valueRequired\":true,\"valueName\":\"search_term_string\"}}],\"inLanguage\":\"fi-FI\"}]}<\/script>\n<!-- \/ Yoast SEO plugin. -->","yoast_head_json":{"title":"S\u00e4hk\u00f6suunnittelu. Contactus AS, suunnittelu ja konsultoinnit","description":"S\u00e4hk\u00f6suunnittelu ja konsultoinnit. Tarvitsetko s\u00e4hk\u00f6suunnitelman? Soita meille numeroon (+372) 6309080 tai l\u00e4het\u00e4 viesti osoitteeseen info@contactus.ee.","robots":{"index":"index","follow":"follow","max-snippet":"max-snippet:-1","max-image-preview":"max-image-preview:large","max-video-preview":"max-video-preview:-1"},"canonical":"https:\/\/contactus.ee\/tutvustus\/","twitter_misc":{"Est. reading time":"1 minute"},"schema":{"@context":"https:\/\/schema.org","@graph":[{"@type":"WebPage","@id":"https:\/\/contactus.ee\/tutvustus\/","url":"https:\/\/contactus.ee\/tutvustus\/","name":"S\u00e4hk\u00f6suunnittelu. Contactus AS, suunnittelu ja konsultoinnit","isPartOf":{"@id":"https:\/\/contactus.ee\/#website"},"primaryImageOfPage":{"@id":"https:\/\/contactus.ee\/tutvustus\/#primaryimage"},"image":{"@id":"https:\/\/contactus.ee\/tutvustus\/#primaryimage"},"thumbnailUrl":"http:\/\/contactus.ee\/wp-content\/uploads\/2012\/11\/EPBL_logo.jpg","datePublished":"2012-07-16T13:54:43+00:00","dateModified":"2012-12-06T07:39:17+00:00","description":"S\u00e4hk\u00f6suunnittelu ja konsultoinnit. Tarvitsetko s\u00e4hk\u00f6suunnitelman? Soita meille numeroon (+372) 6309080 tai l\u00e4het\u00e4 viesti osoitteeseen info@contactus.ee.","breadcrumb":{"@id":"https:\/\/contactus.ee\/tutvustus\/#breadcrumb"},"inLanguage":"fi-FI","potentialAction":[{"@type":"ReadAction","target":["https:\/\/contactus.ee\/tutvustus\/"]}]},{"@type":"ImageObject","inLanguage":"fi-FI","@id":"https:\/\/contactus.ee\/tutvustus\/#primaryimage","url":"http:\/\/contactus.ee\/wp-content\/uploads\/2012\/11\/EPBL_logo.jpg","contentUrl":"http:\/\/contactus.ee\/wp-content\/uploads\/2012\/11\/EPBL_logo.jpg"},{"@type":"BreadcrumbList","@id":"https:\/\/contactus.ee\/tutvustus\/#breadcrumb","itemListElement":[{"@type":"ListItem","position":1,"name":"Home","item":"https:\/\/contactus.ee\/"},{"@type":"ListItem","position":2,"name":"Yritysesittely"}]},{"@type":"WebSite","@id":"https:\/\/contactus.ee\/#website","url":"https:\/\/contactus.ee\/","name":"Contactus AS","description":"Electrical Design and Consultation; Elektriprojekteerimine ja Konsultatsioon; S\u00e4hk\u00f6suunnittelu ja Konsultoinnit; \u041f\u0440\u043e\u0435\u043a\u0442\u0438\u0440\u043e\u0432\u0430\u043d\u0438\u0435 \u042d\u043b\u0435\u043a\u0442\u0440\u043e\u0443\u0441\u0442\u0430\u043d\u043e\u0432\u043e\u043a \u0438 \u041a\u043e\u043d\u0441\u0443\u043b\u044c\u0442\u0430\u0446\u0438\u0438","potentialAction":[{"@type":"SearchAction","target":{"@type":"EntryPoint","urlTemplate":"https:\/\/contactus.ee\/?s={search_term_string}"},"query-input":{"@type":"PropertyValueSpecification","valueRequired":true,"valueName":"search_term_string"}}],"inLanguage":"fi-FI"}]}},"_links":{"self":[{"href":"https:\/\/contactus.ee\/fi\/wp-json\/wp\/v2\/pages\/304","targetHints":{"allow":["GET"]}}],"collection":[{"href":"https:\/\/contactus.ee\/fi\/wp-json\/wp\/v2\/pages"}],"about":[{"href":"https:\/\/contactus.ee\/fi\/wp-json\/wp\/v2\/types\/page"}],"author":[{"embeddable":true,"href":"https:\/\/contactus.ee\/fi\/wp-json\/wp\/v2\/users\/2"}],"replies":[{"embeddable":true,"href":"https:\/\/contactus.ee\/fi\/wp-json\/wp\/v2\/comments?post=304"}],"version-history":[{"count":20,"href":"https:\/\/contactus.ee\/fi\/wp-json\/wp\/v2\/pages\/304\/revisions"}],"predecessor-version":[{"id":990,"href":"https:\/\/contactus.ee\/fi\/wp-json\/wp\/v2\/pages\/304\/revisions\/990"}],"wp:attachment":[{"href":"https:\/\/contactus.ee\/fi\/wp-json\/wp\/v2\/media?parent=304"}],"curies":[{"name":"wp","href":"https:\/\/api.w.org\/{rel}","templated":true}]}}