{"id":270,"date":"2012-07-16T10:56:46","date_gmt":"2012-07-16T10:56:46","guid":{"rendered":"http:\/\/contactus.ee\/?page_id=270"},"modified":"2023-01-27T10:39:57","modified_gmt":"2023-01-27T10:39:57","slug":"yhteystiedot","status":"publish","type":"page","link":"https:\/\/contactus.ee\/fi\/yhteystiedot\/","title":{"rendered":"Yhteystiedot"},"content":{"rendered":"<p><a href=\"http:\/\/contactus.ee\/wp-content\/uploads\/2012\/05\/Contactusemaja.jpg\"><img loading=\"lazy\" decoding=\"async\" class=\"alignleft size-medium wp-image-133\" title=\"Contactusemaja\" src=\"http:\/\/contactus.ee\/wp-content\/uploads\/2012\/05\/Contactusemaja-300x143.jpg\" alt=\"\" width=\"300\" height=\"143\" srcset=\"https:\/\/contactus.ee\/wp-content\/uploads\/2012\/05\/Contactusemaja-300x143.jpg 300w, https:\/\/contactus.ee\/wp-content\/uploads\/2012\/05\/Contactusemaja-1024x489.jpg 1024w\" sizes=\"auto, (max-width: 300px) 100vw, 300px\" \/><\/a><\/p>\n<p><strong>Contactus AS<\/strong><\/p>\n<p>P\u00e4rnu mnt 139E\/2<br \/>\n11317 Tallinn<br \/>\nEstonia<br \/>\nPuhelin: +372\u00a0 630 9080<br \/>\nS\u00e4hk\u00f6posti: <a href=\"mailto:info@contactus.ee\">info@contactus.ee<\/a><br \/>\nKotisivu: <a href=\"http:\/\/www.contactus.ee\">www.contactus.ee<\/a><\/p>\n<p>Kysy tarjousta suunnittelutoimistosta Contactus AS:\u00a0<a href=\"mailto:info@contactus.ee\">info@contactus.ee<\/a> tai<br \/>\ntoimitusjohtajalta Margus Leoste (puhelin: +372 5888 3731, s\u00e4hk\u00f6posti: <a title=\"Saada e-mail\" href=\"mailto:margus.leoste@contactus.ee\">margus.leoste@contactus.ee<\/a>).<\/p>\n<p>(s\u00e4hk\u00f6suunnittelu, automaatiosuunnittelu, telesuunnittelu, turvasuunnittelu, rakennusten suunnittelu, konsultoinnit, asiantuntijapalvelut, &#8230;)<\/p>\n<p>Sijainti:<\/p>\n<p><iframe loading=\"lazy\" style=\"border: 0;\" src=\"https:\/\/www.google.com\/maps\/embed?pb=!1m18!1m12!1m3!1d2030.696465739957!2d24.729881951396425!3d59.40477648159541!2m3!1f0!2f0!3f0!3m2!1i1024!2i768!4f13.1!3m3!1m2!1s0x469294c3a80e15ad%3A0x8528136a14add776!2sP%C3%A4rnu+maantee+139e%2F2%2C+11317+Tallinn!5e0!3m2!1sen!2see!4v1519893488043\" width=\"600\" height=\"450\" frameborder=\"0\" allowfullscreen=\"allowfullscreen\"><\/iframe><br \/>\n<small><a style=\"color: #0000ff; text-align: left;\" href=\"https:\/\/maps.google.com\/maps\/ms?msid=209155226527953207366.0004c1c766def85902a54&amp;msa=0&amp;ie=UTF8&amp;t=m&amp;ll=59.40718,24.748335&amp;spn=0.029485,0.104628&amp;source=embed\"><br \/>\n<\/a><\/small><\/p>\n","protected":false},"excerpt":{"rendered":"<p>Contactus AS P\u00e4rnu mnt 139E\/2 11317 Tallinn Estonia Puhelin: +372\u00a0 630 9080 S\u00e4hk\u00f6posti: info@contactus.ee Kotisivu: www.contactus.ee Kysy tarjousta suunnittelutoimistosta Contactus AS:\u00a0info@contactus.ee tai toimitusjohtajalta Margus Leoste (puhelin: +372 5888 3731, s\u00e4hk\u00f6posti: margus.leoste@contactus.ee). (s\u00e4hk\u00f6suunnittelu, automaatiosuunnittelu, telesuunnittelu, turvasuunnittelu, rakennusten suunnittelu, konsultoinnit, asiantuntijapalvelut, &#8230;) Sijainti:<\/p>\n","protected":false},"author":2,"featured_media":0,"parent":0,"menu_order":0,"comment_status":"open","ping_status":"open","template":"","meta":{"_acf_changed":false,"footnotes":""},"class_list":["post-270","page","type-page","status-publish","hentry"],"acf":[],"yoast_head":"<!-- This site is optimized with the Yoast SEO plugin v27.4 - https:\/\/yoast.com\/product\/yoast-seo-wordpress\/ -->\n<title>Yhteystiedot - Insin\u00f6\u00f6ritoimisto Contactus AS<\/title>\n<meta name=\"description\" content=\"Contactus AS P\u00e4rnu mnt 139E\/2 11317 Tallinn Estonia Puhelin: +372 630 9080 S\u00e4hk\u00f6posti: info@contactus.ee Kotisivu: www.contactus.ee\/fi\" \/>\n<meta name=\"robots\" content=\"index, follow, max-snippet:-1, max-image-preview:large, max-video-preview:-1\" \/>\n<link rel=\"canonical\" href=\"https:\/\/contactus.ee\/kontakt\/\" \/>\n<script type=\"application\/ld+json\" class=\"yoast-schema-graph\">{\"@context\":\"https:\\\/\\\/schema.org\",\"@graph\":[{\"@type\":\"WebPage\",\"@id\":\"https:\\\/\\\/contactus.ee\\\/kontakt\\\/\",\"url\":\"https:\\\/\\\/contactus.ee\\\/kontakt\\\/\",\"name\":\"Yhteystiedot - Insin\u00f6\u00f6ritoimisto Contactus AS\",\"isPartOf\":{\"@id\":\"https:\\\/\\\/contactus.ee\\\/#website\"},\"primaryImageOfPage\":{\"@id\":\"https:\\\/\\\/contactus.ee\\\/kontakt\\\/#primaryimage\"},\"image\":{\"@id\":\"https:\\\/\\\/contactus.ee\\\/kontakt\\\/#primaryimage\"},\"thumbnailUrl\":\"http:\\\/\\\/contactus.ee\\\/wp-content\\\/uploads\\\/2012\\\/05\\\/Contactusemaja-300x143.jpg\",\"datePublished\":\"2012-07-16T10:56:46+00:00\",\"dateModified\":\"2023-01-27T10:39:57+00:00\",\"description\":\"Contactus AS P\u00e4rnu mnt 139E\\\/2 11317 Tallinn Estonia Puhelin: +372 630 9080 S\u00e4hk\u00f6posti: info@contactus.ee Kotisivu: www.contactus.ee\\\/fi\",\"breadcrumb\":{\"@id\":\"https:\\\/\\\/contactus.ee\\\/kontakt\\\/#breadcrumb\"},\"inLanguage\":\"fi-FI\",\"potentialAction\":[{\"@type\":\"ReadAction\",\"target\":[\"https:\\\/\\\/contactus.ee\\\/kontakt\\\/\"]}]},{\"@type\":\"ImageObject\",\"inLanguage\":\"fi-FI\",\"@id\":\"https:\\\/\\\/contactus.ee\\\/kontakt\\\/#primaryimage\",\"url\":\"http:\\\/\\\/contactus.ee\\\/wp-content\\\/uploads\\\/2012\\\/05\\\/Contactusemaja-300x143.jpg\",\"contentUrl\":\"http:\\\/\\\/contactus.ee\\\/wp-content\\\/uploads\\\/2012\\\/05\\\/Contactusemaja-300x143.jpg\"},{\"@type\":\"BreadcrumbList\",\"@id\":\"https:\\\/\\\/contactus.ee\\\/kontakt\\\/#breadcrumb\",\"itemListElement\":[{\"@type\":\"ListItem\",\"position\":1,\"name\":\"Home\",\"item\":\"https:\\\/\\\/contactus.ee\\\/\"},{\"@type\":\"ListItem\",\"position\":2,\"name\":\"Yhteystiedot\"}]},{\"@type\":\"WebSite\",\"@id\":\"https:\\\/\\\/contactus.ee\\\/#website\",\"url\":\"https:\\\/\\\/contactus.ee\\\/\",\"name\":\"Contactus AS\",\"description\":\"Electrical Design and Consultation; Elektriprojekteerimine ja Konsultatsioon; S\u00e4hk\u00f6suunnittelu ja Konsultoinnit; \u041f\u0440\u043e\u0435\u043a\u0442\u0438\u0440\u043e\u0432\u0430\u043d\u0438\u0435 \u042d\u043b\u0435\u043a\u0442\u0440\u043e\u0443\u0441\u0442\u0430\u043d\u043e\u0432\u043e\u043a \u0438 \u041a\u043e\u043d\u0441\u0443\u043b\u044c\u0442\u0430\u0446\u0438\u0438\",\"potentialAction\":[{\"@type\":\"SearchAction\",\"target\":{\"@type\":\"EntryPoint\",\"urlTemplate\":\"https:\\\/\\\/contactus.ee\\\/?s={search_term_string}\"},\"query-input\":{\"@type\":\"PropertyValueSpecification\",\"valueRequired\":true,\"valueName\":\"search_term_string\"}}],\"inLanguage\":\"fi-FI\"}]}<\/script>\n<!-- \/ Yoast SEO plugin. -->","yoast_head_json":{"title":"Yhteystiedot - Insin\u00f6\u00f6ritoimisto Contactus AS","description":"Contactus AS P\u00e4rnu mnt 139E\/2 11317 Tallinn Estonia Puhelin: +372 630 9080 S\u00e4hk\u00f6posti: info@contactus.ee Kotisivu: www.contactus.ee\/fi","robots":{"index":"index","follow":"follow","max-snippet":"max-snippet:-1","max-image-preview":"max-image-preview:large","max-video-preview":"max-video-preview:-1"},"canonical":"https:\/\/contactus.ee\/kontakt\/","schema":{"@context":"https:\/\/schema.org","@graph":[{"@type":"WebPage","@id":"https:\/\/contactus.ee\/kontakt\/","url":"https:\/\/contactus.ee\/kontakt\/","name":"Yhteystiedot - Insin\u00f6\u00f6ritoimisto Contactus AS","isPartOf":{"@id":"https:\/\/contactus.ee\/#website"},"primaryImageOfPage":{"@id":"https:\/\/contactus.ee\/kontakt\/#primaryimage"},"image":{"@id":"https:\/\/contactus.ee\/kontakt\/#primaryimage"},"thumbnailUrl":"http:\/\/contactus.ee\/wp-content\/uploads\/2012\/05\/Contactusemaja-300x143.jpg","datePublished":"2012-07-16T10:56:46+00:00","dateModified":"2023-01-27T10:39:57+00:00","description":"Contactus AS P\u00e4rnu mnt 139E\/2 11317 Tallinn Estonia Puhelin: +372 630 9080 S\u00e4hk\u00f6posti: info@contactus.ee Kotisivu: www.contactus.ee\/fi","breadcrumb":{"@id":"https:\/\/contactus.ee\/kontakt\/#breadcrumb"},"inLanguage":"fi-FI","potentialAction":[{"@type":"ReadAction","target":["https:\/\/contactus.ee\/kontakt\/"]}]},{"@type":"ImageObject","inLanguage":"fi-FI","@id":"https:\/\/contactus.ee\/kontakt\/#primaryimage","url":"http:\/\/contactus.ee\/wp-content\/uploads\/2012\/05\/Contactusemaja-300x143.jpg","contentUrl":"http:\/\/contactus.ee\/wp-content\/uploads\/2012\/05\/Contactusemaja-300x143.jpg"},{"@type":"BreadcrumbList","@id":"https:\/\/contactus.ee\/kontakt\/#breadcrumb","itemListElement":[{"@type":"ListItem","position":1,"name":"Home","item":"https:\/\/contactus.ee\/"},{"@type":"ListItem","position":2,"name":"Yhteystiedot"}]},{"@type":"WebSite","@id":"https:\/\/contactus.ee\/#website","url":"https:\/\/contactus.ee\/","name":"Contactus AS","description":"Electrical Design and Consultation; Elektriprojekteerimine ja Konsultatsioon; S\u00e4hk\u00f6suunnittelu ja Konsultoinnit; \u041f\u0440\u043e\u0435\u043a\u0442\u0438\u0440\u043e\u0432\u0430\u043d\u0438\u0435 \u042d\u043b\u0435\u043a\u0442\u0440\u043e\u0443\u0441\u0442\u0430\u043d\u043e\u0432\u043e\u043a \u0438 \u041a\u043e\u043d\u0441\u0443\u043b\u044c\u0442\u0430\u0446\u0438\u0438","potentialAction":[{"@type":"SearchAction","target":{"@type":"EntryPoint","urlTemplate":"https:\/\/contactus.ee\/?s={search_term_string}"},"query-input":{"@type":"PropertyValueSpecification","valueRequired":true,"valueName":"search_term_string"}}],"inLanguage":"fi-FI"}]}},"_links":{"self":[{"href":"https:\/\/contactus.ee\/fi\/wp-json\/wp\/v2\/pages\/270","targetHints":{"allow":["GET"]}}],"collection":[{"href":"https:\/\/contactus.ee\/fi\/wp-json\/wp\/v2\/pages"}],"about":[{"href":"https:\/\/contactus.ee\/fi\/wp-json\/wp\/v2\/types\/page"}],"author":[{"embeddable":true,"href":"https:\/\/contactus.ee\/fi\/wp-json\/wp\/v2\/users\/2"}],"replies":[{"embeddable":true,"href":"https:\/\/contactus.ee\/fi\/wp-json\/wp\/v2\/comments?post=270"}],"version-history":[{"count":16,"href":"https:\/\/contactus.ee\/fi\/wp-json\/wp\/v2\/pages\/270\/revisions"}],"predecessor-version":[{"id":1389,"href":"https:\/\/contactus.ee\/fi\/wp-json\/wp\/v2\/pages\/270\/revisions\/1389"}],"wp:attachment":[{"href":"https:\/\/contactus.ee\/fi\/wp-json\/wp\/v2\/media?parent=270"}],"curies":[{"name":"wp","href":"https:\/\/api.w.org\/{rel}","templated":true}]}}